{"id":423,"date":"2025-03-27T11:40:08","date_gmt":"2025-03-27T10:40:08","guid":{"rendered":"https:\/\/www.mavari.si\/o-nas\/"},"modified":"2025-04-18T11:27:30","modified_gmt":"2025-04-18T10:27:30","slug":"ueber-uns","status":"publish","type":"page","link":"https:\/\/www.mavari.si\/de\/ueber-uns\/","title":{"rendered":"\u00dcber uns"},"content":{"rendered":"<div class=\"wpb-content-wrapper\"><p>[vc_row full_width=&#8220;stretch_row_content_no_spaces&#8220; el_class=&#8220;sp-page-title&#8220;][vc_column]\t\t\n\t\t<div class=\"title-banner\" style=\"background-image: linear-gradient(rgba(0, 0, 0, 0.0),rgba(0, 0, 0, 0.0)),url();\">\n\t\t\t<div class=\"container\">\n\t\t\t\t<div class=\"breadcrumbs-container\">\n\t\t\t\t\t\t<div class=\"breadcrumbs\">\n\t\t\t\t\t\t\t\n\t<ul class=\"ns-breadcrumbs\">\n\t\t\t<li><a href=\"https:\/\/www.mavari.si\/de\/\">Domov<\/a><\/li>\n\t\t\t\t<li>\u00dcber uns<\/li>\n\t<\/ul>\n\t\n\t\t\t\t\t\t\t\t<div class=\"clearfix\"><\/div>\n\t\t\t\t\t\t<\/div>\n\t\t\t\t<\/div>\n\t\t\t\t\t\t\t\t\t<h1 class=\"entry-title\">\u00dcber uns<\/h1>\n\t\t\t\t\t\t\t<\/div>\n\t\t<\/div>\n\n\t\t[\/vc_column][\/vc_row][vc_row][vc_column width=&#8220;1\/2&#8243;][vc_column_text css=&#8220;&#8220;]Das dynamische Unternehmen Mavari d.o.o. besch\u00e4ftigt Ingenieure und Fachexperten, die sich t\u00e4glich mit Freude neuen Herausforderungen stellen. Wir m\u00f6chten zeigen, dass wir auf unserem Gebiet einfach die besten sind. Die Werkzeugkonstruktion und Produktion der Kunststoffprodukte werden vollst\u00e4ndig in unserem Haus abgewickelt, f\u00fcr andere Dienstleistungen und Produkte haben wir jedoch seit vielen Jahren verl\u00e4ssliche Partner, von deren F\u00e4higkeiten wir zweifellos \u00fcberzeugt sind. Der Hauptanteil unserer Gesch\u00e4fte f\u00fchrt uns ins Ausland, denn zu unseren zufriedenen Kunden geh\u00f6ren weltweit anerkannte und bekannte Unternehmen im Bereich der Automobil- und Elektroindustrie, der Produktion von Haushaltstechnik, der Werkzeuge und des Maschinenbaus. In mehr als 30 Jahren haben wir uns zu einem Ingenieurunternehmen entwickelt, das jeder Herausforderung gewachsen ist. Jede neue Aufgabe wird bei uns sorgf\u00e4ltig und mit vollem Engagement bearbeitet. Das wettbewerbsf\u00e4hige Umfeld sowie der Wunsch, die Anforderungen und die W\u00fcnsche der Kunden zu erf\u00fcllen, f\u00fchren uns und erm\u00f6glichen auch, dass wir stetig besser werden.[\/vc_column_text][\/vc_column][vc_column width=&#8220;1\/2&#8243;][vc_single_image image=&#8220;140&#8243; css=&#8220;&#8220;][\/vc_column][\/vc_row][vc_row full_width=&#8220;stretch_row&#8220; el_class=&#8220;fat-gray-row&#8220;][vc_column][vc_column_text css=&#8220;&#8220;]<\/p>\n<h3>T\u00e4tigkeit<\/h3>\n<p>Als wir im Jahr 1992 die Firma Mavari d.o.o. gegr\u00fcndet haben, war unsere Hauptt\u00e4tigkeit die Organisation von Engineering-Gesch\u00e4ften im Bereich der Industrieausr\u00fcstung, vor allem f\u00fcr Metallurgie und Maschinenbau. In ein paar Jahren wuchs das Unternehmen so weit, dass wir bereits einige Stahlwerke in verschiedenen L\u00e4ndern ausgestattet haben, von Belgien, Frankreich, Indonesien, Italien bis Japan, unsere Ausstattung finden Sie auch in den Stahlwerken in China, Mexiko, Holland, Schweden, Thailand und Taiwan sowie auch in der T\u00fcrkei, in Venezuela, den USA und anderen L\u00e4ndern. Noch heute stellt die Industrie-Vermittlung mit zugeh\u00f6rigem Engineering einen Gro\u00dfteil unserer Gesch\u00e4ftst\u00e4tigkeit dar.<\/p>\n<p>Das Know-how, die Erfahrung sowie die Kapazit\u00e4ten hatten wir bereits, also haben wir angefangen, uns auch mit Industriewerkzeugen \u2013 genauer Werkzeugen f\u00fcr Druckgie\u00dfen von Metall und Kunststoffverarbeitung \u2013 zu besch\u00e4ftigen. Bereits im Jahr 1996 haben wir auf Anfrage unserer Kunden und aufgrund unseres Wunsches, immer bessere Qualit\u00e4t zu liefern, die Arbeit mit dem Spitzensystem 3D CAD, das die hauseigene Konstruktion auf h\u00f6chstem Niveau erm\u00f6glicht, eingef\u00fchrt.[\/vc_column_text][vc_row_inner][vc_column_inner width=&#8220;1\/2&#8243;][vc_column_text css=&#8220;&#8220;]Mavari d.o.o. bietet heutzutage an:<\/p>\n<ul>\n<li>Anlagen zur Herstellung von Metallrohren, -st\u00e4ben, -dr\u00e4hten, -kugeln;<\/li>\n<li>Stahlstranggie\u00dfanlagen;<\/li>\n<li>allgemeine Maschinenbauteile;<\/li>\n<li>Gussteile f\u00fcr den Maschinenbau.<\/li>\n<\/ul>\n<p>[\/vc_column_text][\/vc_column_inner][vc_column_inner width=&#8220;1\/2&#8243;][vc_column_text css=&#8220;&#8220;]Zu unserem Angebot geh\u00f6rt auch die CAD\/CAE-Entwicklung, da wir diese t\u00e4glich nutzen, um L\u00f6sungen zu entwickeln und unseren Kunden anzubieten, die mit dieser Art von Technologie hergestellt werden. Systeme. Unsere Ingenieure sind Experten auf ihrem Gebiet, kompetent und bereit, sich zu beweisen, damit sie die richtige L\u00f6sung f\u00fcr Sie finden k\u00f6nnen. CAD und CAE Das Engineering erfolgt bei uns mit den Programmen Catia, Creo, Nastran, Kiss, InspireCast und Moldex3D.<\/p>\n<ul>\n<li>Industriewerkzeuge (Druckguss, Kunststoffspritzguss)<\/li>\n<li>Gie\u00dfereitechnische Artikelentwicklung<\/li>\n<li>Spritzgusstechnische Artikelentwicklung<\/li>\n<li>Gie\u00dfsimulationen<\/li>\n<li>Verzahnung-\/Getriebe-Berechnungen<\/li>\n<li>FEM Berechnungen<\/li>\n<li>CAD Zeichnungen<\/li>\n<\/ul>\n<p>[\/vc_column_text][\/vc_column_inner][\/vc_row_inner][\/vc_column][\/vc_row][vc_row][vc_column][vc_column_text css=&#8220;&#8220;]<\/p>\n<h3>Karriere<\/h3>\n<p>Wir sind uns bewusst, dass nur zufriedene Mitarbeiter zum Wachstum des Unternehmens beitragen k\u00f6nnen. Deshalb ermutigen wir sie in erster Linie, sich selbst zu entwickeln &#8211; mit Herausforderungen und Sie erreichen mit ihren gesetzten Zielen jeden Tag ein neues Niveau, um ihren Kunden noch mehr und noch Besseres bieten zu k\u00f6nnen. Das gesamte Team ist \u00e4u\u00dferst offen und jugendlicher Geist, aber uns verbindet der Titel als Diplom-Ingenieure aus verschiedenen Bereichen des Maschinenbaus und nat\u00fcrlich langj\u00e4hrige Erfahrung.[\/vc_column_text]\t\n\t\t<a href=\"https:\/\/www.mavari.si\/de\/karriere\/\" target=\"\" class=\"btn btn-primary  \" id=\"\">\n    Karriere\t\t<svg width=\"16\" height=\"15\" viewBox=\"0 0 16 15\" fill=\"none\" xmlns=\"http:\/\/www.w3.org\/2000\/svg\"><path d=\"M0.222534 8.03647C0.0824397 7.89637 0.00259047 7.70711 2.94234e-07 7.509C0.00259048 7.3109 0.0824397 7.12163 0.222534 6.98154C0.362629 6.84144 0.551894 6.76159 0.75 6.759L12.9399 6.759L8.21993 2.039C8.14982 1.96976 8.09424 1.88721 8.05646 1.7962C8.01868 1.70518 7.99946 1.60754 7.99993 1.509C7.99946 1.41046 8.01868 1.31282 8.05646 1.22181C8.09424 1.1308 8.14982 1.04825 8.21993 0.979004C8.36055 0.838552 8.55118 0.759662 8.74993 0.759662C8.94868 0.759662 9.1393 0.838552 9.27993 0.979004L15.2602 6.95931C15.267 6.96563 15.2737 6.97208 15.2803 6.97867C15.421 7.11933 15.5 7.31009 15.5 7.509C15.5 7.70792 15.421 7.89868 15.2803 8.03933C15.2737 8.04591 15.2671 8.05236 15.2603 8.05867L9.27993 14.039C9.13775 14.1715 8.94971 14.2436 8.75541 14.2402C8.5611 14.2367 8.37572 14.158 8.23831 14.0206C8.10089 13.8832 8.02218 13.6978 8.01875 13.5035C8.01532 13.3092 8.08745 13.1212 8.21993 12.979L12.9399 8.259L0.75 8.259C0.551893 8.25641 0.362629 8.17656 0.222534 8.03647Z\" fill=\"white\"\/><\/svg>\t\t<\/a>\n\n\t\t[\/vc_column][\/vc_row][vc_row][vc_column][vc_empty_space][\/vc_column][\/vc_row]<\/p>\n<\/div>","protected":false},"excerpt":{"rendered":"<p>[vc_row full_width=&#8220;stretch_row_content_no_spaces&#8220; el_class=&#8220;sp-page-title&#8220;][vc_column][\/vc_column][\/vc_row][vc_row][vc_column width=&#8220;1\/2&#8243;][vc_column_text css=&#8220;&#8220;]Das dynamische Unternehmen Mavari d.o.o. besch\u00e4ftigt Ingenieure und Fachexperten, die sich t\u00e4glich mit Freude neuen Herausforderungen stellen. Wir m\u00f6chten zeigen, dass wir auf unserem Gebiet einfach die besten sind. Die Werkzeugkonstruktion und Produktion der Kunststoffprodukte werden vollst\u00e4ndig in unserem Haus abgewickelt, f\u00fcr andere Dienstleistungen und Produkte haben wir jedoch seit vielen Jahren verl\u00e4ssliche Partner, von deren F\u00e4higkeiten wir zweifellos \u00fcberzeugt sind. Der Hauptanteil unserer Gesch\u00e4fte f\u00fchrt uns ins Ausland, denn zu unseren zufriedenen Kunden geh\u00f6ren weltweit anerkannte und bekannte Unternehmen im Bereich der Automobil- und Elektroindustrie, der Produktion von Haushaltstechnik, der Werkzeuge und des Maschinenbaus. In mehr als 30 Jahren haben wir uns zu einem Ingenieurunternehmen entwickelt, das jeder Herausforderung gewachsen ist. Jede neue Aufgabe wird [&hellip;]<\/p>\n","protected":false},"author":1,"featured_media":0,"parent":0,"menu_order":2,"comment_status":"closed","ping_status":"closed","template":"","meta":{"footnotes":""},"class_list":["post-423","page","type-page","status-publish","hentry"],"yoast_head":"<!-- This site is optimized with the Yoast SEO plugin v21.3 - https:\/\/yoast.com\/wordpress\/plugins\/seo\/ -->\n<title>\u00dcber uns - Mavari<\/title>\n<meta name=\"description\" content=\"Das dynamische Unternehmen Mavari d.o.o. besch\u00e4ftigt Ingenieure und Fachexperten, die sich t\u00e4glich mit Freude neuen Herausforderungen stellen. Wir m\u00f6chten zeigen, dass wir auf unserem Gebiet einfach die besten sind. Die\" \/>\n<meta name=\"robots\" content=\"index, follow, max-snippet:-1, max-image-preview:large, max-video-preview:-1\" \/>\n<link rel=\"canonical\" href=\"https:\/\/www.mavari.si\/de\/ueber-uns\/\" \/>\n<meta property=\"og:locale\" content=\"de_DE\" \/>\n<meta property=\"og:type\" content=\"article\" \/>\n<meta property=\"og:title\" content=\"\u00dcber uns - Mavari\" \/>\n<meta property=\"og:description\" content=\"[vc_row full_width=&#8220;stretch_row_content_no_spaces&#8220; el_class=&#8220;sp-page-title&#8220;][vc_column][\/vc_column][\/vc_row][vc_row][vc_column width=&#8220;1\/2&#8243;][vc_column_text css=&#8220;&#8220;]Das dynamische Unternehmen Mavari d.o.o. besch\u00e4ftigt Ingenieure und Fachexperten, die sich t\u00e4glich mit Freude neuen Herausforderungen stellen. Wir m\u00f6chten zeigen, dass wir auf unserem Gebiet einfach die besten sind. Die Werkzeugkonstruktion und Produktion der Kunststoffprodukte werden vollst\u00e4ndig in unserem Haus abgewickelt, f\u00fcr andere Dienstleistungen und Produkte haben wir jedoch seit vielen Jahren verl\u00e4ssliche Partner, von deren F\u00e4higkeiten wir zweifellos \u00fcberzeugt sind. Der Hauptanteil unserer Gesch\u00e4fte f\u00fchrt uns ins Ausland, denn zu unseren zufriedenen Kunden geh\u00f6ren weltweit anerkannte und bekannte Unternehmen im Bereich der Automobil- und Elektroindustrie, der Produktion von Haushaltstechnik, der Werkzeuge und des Maschinenbaus. In mehr als 30 Jahren haben wir uns zu einem Ingenieurunternehmen entwickelt, das jeder Herausforderung gewachsen ist. Jede neue Aufgabe wird [&hellip;]\" \/>\n<meta property=\"og:url\" content=\"https:\/\/www.mavari.si\/de\/ueber-uns\/\" \/>\n<meta property=\"og:site_name\" content=\"Mavari\" \/>\n<meta property=\"article:modified_time\" content=\"2025-04-18T10:27:30+00:00\" \/>\n<meta name=\"twitter:card\" content=\"summary_large_image\" \/>\n<meta name=\"twitter:label1\" content=\"Gesch\u00e4tzte Lesezeit\" \/>\n\t<meta name=\"twitter:data1\" content=\"3\u00a0Minuten\" \/>\n<script type=\"application\/ld+json\" class=\"yoast-schema-graph\">{\"@context\":\"https:\/\/schema.org\",\"@graph\":[{\"@type\":\"WebPage\",\"@id\":\"https:\/\/www.mavari.si\/de\/ueber-uns\/\",\"url\":\"https:\/\/www.mavari.si\/de\/ueber-uns\/\",\"name\":\"\u00dcber uns - Mavari\",\"isPartOf\":{\"@id\":\"https:\/\/www.mavari.si\/#website\"},\"datePublished\":\"2025-03-27T10:40:08+00:00\",\"dateModified\":\"2025-04-18T10:27:30+00:00\",\"breadcrumb\":{\"@id\":\"https:\/\/www.mavari.si\/de\/ueber-uns\/#breadcrumb\"},\"inLanguage\":\"de\",\"potentialAction\":[{\"@type\":\"ReadAction\",\"target\":[\"https:\/\/www.mavari.si\/de\/ueber-uns\/\"]}]},{\"@type\":\"BreadcrumbList\",\"@id\":\"https:\/\/www.mavari.si\/de\/ueber-uns\/#breadcrumb\",\"itemListElement\":[{\"@type\":\"ListItem\",\"position\":1,\"name\":\"Home\",\"item\":\"https:\/\/www.mavari.si\/de\/\"},{\"@type\":\"ListItem\",\"position\":2,\"name\":\"\u00dcber uns\"}]},{\"@type\":\"WebSite\",\"@id\":\"https:\/\/www.mavari.si\/#website\",\"url\":\"https:\/\/www.mavari.si\/\",\"name\":\"Mavari\",\"description\":\"\",\"potentialAction\":[{\"@type\":\"SearchAction\",\"target\":{\"@type\":\"EntryPoint\",\"urlTemplate\":\"https:\/\/www.mavari.si\/?s={search_term_string}\"},\"query-input\":\"required name=search_term_string\"}],\"inLanguage\":\"de\"}]}<\/script>\n<!-- \/ Yoast SEO plugin. -->","yoast_head_json":{"title":"\u00dcber uns - Mavari","description":"Das dynamische Unternehmen Mavari d.o.o. besch\u00e4ftigt Ingenieure und Fachexperten, die sich t\u00e4glich mit Freude neuen Herausforderungen stellen. Wir m\u00f6chten zeigen, dass wir auf unserem Gebiet einfach die besten sind. Die","robots":{"index":"index","follow":"follow","max-snippet":"max-snippet:-1","max-image-preview":"max-image-preview:large","max-video-preview":"max-video-preview:-1"},"canonical":"https:\/\/www.mavari.si\/de\/ueber-uns\/","og_locale":"de_DE","og_type":"article","og_title":"\u00dcber uns - Mavari","og_description":"[vc_row full_width=&#8220;stretch_row_content_no_spaces&#8220; el_class=&#8220;sp-page-title&#8220;][vc_column][\/vc_column][\/vc_row][vc_row][vc_column width=&#8220;1\/2&#8243;][vc_column_text css=&#8220;&#8220;]Das dynamische Unternehmen Mavari d.o.o. besch\u00e4ftigt Ingenieure und Fachexperten, die sich t\u00e4glich mit Freude neuen Herausforderungen stellen. Wir m\u00f6chten zeigen, dass wir auf unserem Gebiet einfach die besten sind. Die Werkzeugkonstruktion und Produktion der Kunststoffprodukte werden vollst\u00e4ndig in unserem Haus abgewickelt, f\u00fcr andere Dienstleistungen und Produkte haben wir jedoch seit vielen Jahren verl\u00e4ssliche Partner, von deren F\u00e4higkeiten wir zweifellos \u00fcberzeugt sind. Der Hauptanteil unserer Gesch\u00e4fte f\u00fchrt uns ins Ausland, denn zu unseren zufriedenen Kunden geh\u00f6ren weltweit anerkannte und bekannte Unternehmen im Bereich der Automobil- und Elektroindustrie, der Produktion von Haushaltstechnik, der Werkzeuge und des Maschinenbaus. In mehr als 30 Jahren haben wir uns zu einem Ingenieurunternehmen entwickelt, das jeder Herausforderung gewachsen ist. Jede neue Aufgabe wird [&hellip;]","og_url":"https:\/\/www.mavari.si\/de\/ueber-uns\/","og_site_name":"Mavari","article_modified_time":"2025-04-18T10:27:30+00:00","twitter_card":"summary_large_image","twitter_misc":{"Gesch\u00e4tzte Lesezeit":"3\u00a0Minuten"},"schema":{"@context":"https:\/\/schema.org","@graph":[{"@type":"WebPage","@id":"https:\/\/www.mavari.si\/de\/ueber-uns\/","url":"https:\/\/www.mavari.si\/de\/ueber-uns\/","name":"\u00dcber uns - Mavari","isPartOf":{"@id":"https:\/\/www.mavari.si\/#website"},"datePublished":"2025-03-27T10:40:08+00:00","dateModified":"2025-04-18T10:27:30+00:00","breadcrumb":{"@id":"https:\/\/www.mavari.si\/de\/ueber-uns\/#breadcrumb"},"inLanguage":"de","potentialAction":[{"@type":"ReadAction","target":["https:\/\/www.mavari.si\/de\/ueber-uns\/"]}]},{"@type":"BreadcrumbList","@id":"https:\/\/www.mavari.si\/de\/ueber-uns\/#breadcrumb","itemListElement":[{"@type":"ListItem","position":1,"name":"Home","item":"https:\/\/www.mavari.si\/de\/"},{"@type":"ListItem","position":2,"name":"\u00dcber uns"}]},{"@type":"WebSite","@id":"https:\/\/www.mavari.si\/#website","url":"https:\/\/www.mavari.si\/","name":"Mavari","description":"","potentialAction":[{"@type":"SearchAction","target":{"@type":"EntryPoint","urlTemplate":"https:\/\/www.mavari.si\/?s={search_term_string}"},"query-input":"required name=search_term_string"}],"inLanguage":"de"}]}},"_links":{"self":[{"href":"https:\/\/www.mavari.si\/de\/wp-json\/wp\/v2\/pages\/423","targetHints":{"allow":["GET"]}}],"collection":[{"href":"https:\/\/www.mavari.si\/de\/wp-json\/wp\/v2\/pages"}],"about":[{"href":"https:\/\/www.mavari.si\/de\/wp-json\/wp\/v2\/types\/page"}],"author":[{"embeddable":true,"href":"https:\/\/www.mavari.si\/de\/wp-json\/wp\/v2\/users\/1"}],"replies":[{"embeddable":true,"href":"https:\/\/www.mavari.si\/de\/wp-json\/wp\/v2\/comments?post=423"}],"version-history":[{"count":0,"href":"https:\/\/www.mavari.si\/de\/wp-json\/wp\/v2\/pages\/423\/revisions"}],"wp:attachment":[{"href":"https:\/\/www.mavari.si\/de\/wp-json\/wp\/v2\/media?parent=423"}],"curies":[{"name":"wp","href":"https:\/\/api.w.org\/{rel}","templated":true}]}}