{"id":425,"date":"2025-03-27T11:40:08","date_gmt":"2025-03-27T10:40:08","guid":{"rendered":"https:\/\/www.mavari.si\/zaposlitev\/"},"modified":"2025-04-16T07:40:58","modified_gmt":"2025-04-16T06:40:58","slug":"karriere","status":"publish","type":"page","link":"https:\/\/www.mavari.si\/de\/karriere\/","title":{"rendered":"Karriere"},"content":{"rendered":"<div class=\"wpb-content-wrapper\"><p>[vc_row full_width=&#8220;stretch_row_content_no_spaces&#8220; el_class=&#8220;sp-page-title&#8220;][vc_column]\t\t\n\t\t<div class=\"title-banner\" style=\"background-image: linear-gradient(rgba(0, 0, 0, 0.0),rgba(0, 0, 0, 0.0)),url();\">\n\t\t\t<div class=\"container\">\n\t\t\t\t<div class=\"breadcrumbs-container\">\n\t\t\t\t\t\t<div class=\"breadcrumbs\">\n\t\t\t\t\t\t\t\n\t<ul class=\"ns-breadcrumbs\">\n\t\t\t<li><a href=\"https:\/\/www.mavari.si\/de\/\">Domov<\/a><\/li>\n\t\t\t\t<li>Karriere<\/li>\n\t<\/ul>\n\t\n\t\t\t\t\t\t\t\t<div class=\"clearfix\"><\/div>\n\t\t\t\t\t\t<\/div>\n\t\t\t\t<\/div>\n\t\t\t\t\t\t\t\t\t<h1 class=\"entry-title\">Karriere<\/h1>\n\t\t\t\t\t\t\t<\/div>\n\t\t<\/div>\n\n\t\t[\/vc_column][\/vc_row][vc_row][vc_column width=&#8220;1\/2&#8243;][vc_column_text css=&#8220;&#8220;]Sind Sie Experte f\u00fcr CAD- oder CAE-Engineering? Sind Sie Maschinenbau-Ingenieur (m\u00f6glichst Richtung Design) und suchen neue Besch\u00e4ftigungsm\u00f6glichkeiten.<\/p>\n<p>Experten und Ingenieure sind bei uns immer willkommen, also kontaktieren Sie m\u00f6glichst rasch Herrn Matja\u017e Velikonja \u00fcber die:[\/vc_column_text]\r\n\t\t<div class=\"wpb_raw_code wpb_content_element wpb_raw_html phone-general phone-general-button \">\r\n      <div class=\"wpb_wrapper\">\r\n                            <a href=\"tel:+386  2 234 1371\">\r\n                                                              <svg width=\"17\" height=\"17\" viewBox=\"0 0 17 17\" fill=\"none\" xmlns=\"http:\/\/www.w3.org\/2000\/svg\">\r\n<path fill-rule=\"evenodd\" clip-rule=\"evenodd\" d=\"M15.295 16.9592L15.2935 16.9593C14.9203 16.9849 14.5968 17 14.3333 17C6.41688 17 0 10.5831 0 2.66667C0 2.40431 0.0140975 2.08122 0.04084 1.70424C0.0735041 1.24151 0.280371 0.808346 0.61976 0.492082C0.959224 0.175748 1.406 -9.55427e-05 1.87 6.31674e-08H4.81625C4.81611 6.31674e-08 4.81639 6.31674e-08 4.81625 6.31674e-08C5.16733 -0.000104722 5.50638 0.130161 5.76689 0.365558C6.02764 0.601181 6.19151 0.925317 6.22665 1.275C6.24532 1.46165 6.26119 1.59798 6.27481 1.69258C6.42612 2.74858 6.7363 3.77621 7.19466 4.7395C7.48112 5.34259 7.29569 6.06668 6.75003 6.45567C6.74958 6.45599 6.74914 6.4563 6.74869 6.45662L5.63422 7.25297C6.56097 9.00607 7.99493 10.44 9.74806 11.3667L10.544 10.2534C10.7327 9.9896 11.0082 9.80019 11.3221 9.71856C11.636 9.63693 11.9686 9.66807 12.2619 9.80654L12.2641 9.80757C13.2272 10.2651 14.254 10.5744 15.3096 10.725L15.3108 10.7252C15.4056 10.7388 15.5415 10.7547 15.727 10.7734L15.7287 10.7735C16.0778 10.8094 16.4013 10.9735 16.6363 11.2342C16.8747 11.4986 17.0001 11.8383 17 12.1834C17 12.1838 17 12.1842 17 12.1845V15.1295C17 15.1294 17 15.1297 17 15.1295C17.0001 15.5935 16.8243 16.0408 16.5079 16.3802C16.1915 16.7198 15.758 16.9267 15.295 16.9592ZM16 15.13V12.1833C16.0001 12.0801 15.9628 11.9805 15.8936 11.9038C15.8245 11.8271 15.7294 11.7789 15.6267 11.7683C15.4367 11.7492 15.2842 11.7317 15.1683 11.715C14.013 11.5501 12.8892 11.2116 11.835 10.7108C11.7535 10.6723 11.661 10.6637 11.5737 10.6864C11.4865 10.7091 11.41 10.7617 11.3575 10.835L10.0742 12.63C7.51212 11.5305 5.47038 9.48871 4.37083 6.92667L6.16917 5.64167C6.31917 5.535 6.37083 5.33583 6.29167 5.16917C5.79 4.11486 5.45061 2.99077 5.285 1.835C5.26833 1.71917 5.25083 1.56667 5.23167 1.375C5.22133 1.27215 5.17313 1.17682 5.09644 1.10752C5.01975 1.03822 4.92003 0.999895 4.81667 1H1.87C1.65902 0.999904 1.45585 1.07984 1.3015 1.22367C1.14715 1.36751 1.0531 1.56454 1.03833 1.775C1.0125 2.13917 1 2.43667 1 2.66667C1 10.0308 6.96917 16 14.3333 16C14.5633 16 14.8608 15.9867 15.225 15.9617C15.4355 15.9469 15.6325 15.8528 15.7763 15.6985C15.9202 15.5441 16.0001 15.341 16 15.13Z\" fill=\"#008AC9\"\/>\r\n<\/svg> \r\n                               \r\n                            <span>\r\n                                  <span class='hide-mobile'><\/span><span class='inner-contents'>+386  2 234 1371<\/span>\r\n                            <\/span>\r\n                <\/a>\r\n              <\/div>\r\n    <\/div>\r\n\r\n\t\t\t\t\r\n\t\t<div class=\"wpb_raw_code wpb_content_element wpb_raw_html phone-general email-custom phone-general-button \">\r\n      <div class=\"wpb_wrapper\">\r\n             <a href=\"&#x6d;&#x61;&#x69;&#x6c;&#116;o:ma&#x74;&#x6a;&#x61;&#x7a;&#46;veli&#x6b;&#x6f;&#x6e;&#x6a;&#97;&#64;mav&#x61;&#x72;&#x69;&#x2e;&#115;i\">\r\n                    <svg width=\"18\" height=\"14\" viewBox=\"0 0 18 14\" fill=\"none\" xmlns=\"http:\/\/www.w3.org\/2000\/svg\">\r\n<path d=\"M1.615 14C1.155 14 0.771 13.846 0.463 13.538C0.155 13.23 0.000666667 12.8457 0 12.385V1.615C0 1.155 0.154333 0.771 0.463 0.463C0.771667 0.155 1.15567 0.000666667 1.615 0H16.385C16.845 0 17.229 0.154333 17.537 0.463C17.845 0.771667 17.9993 1.15567 18 1.615V12.385C18 12.845 17.846 13.229 17.538 13.537C17.23 13.845 16.8457 13.9993 16.385 14H1.615ZM9 7.115L1 1.885V12.385C1 12.5643 1.05767 12.7117 1.173 12.827C1.28833 12.9423 1.43567 13 1.615 13H16.385C16.5643 13 16.7117 12.9423 16.827 12.827C16.9423 12.7117 17 12.5643 17 12.385V1.885L9 7.115ZM9 6L16.692 1H1.308L9 6ZM1 1.885V1V12.385C1 12.5643 1.05767 12.7117 1.173 12.827C1.28833 12.9423 1.43567 13 1.615 13H1V1.885Z\" fill=\"#16B3E8\"\/>\r\n<\/svg> \r\n                    <span>\r\n                          <span class='hide-mobile'><\/span><span class='inner-contents'>&#x6d;a&#x74;&#106;a&#x7a;.&#x76;&#x65;l&#x69;&#107;o&#x6e;j&#x61;&#64;m&#x61;&#118;a&#x72;i&#x2e;&#115;i<\/span>\r\n            \r\n                    <\/span>\r\n            <\/a>\r\n      <\/div>\r\n    <\/div>\r\n\r\n\t\t[\/vc_column][vc_column width=&#8220;1\/2&#8243;][vc_single_image image=&#8220;135&#8243; css=&#8220;&#8220;][\/vc_column][\/vc_row][vc_row][vc_column][vc_empty_space][\/vc_column][\/vc_row]<\/p>\n<\/div>","protected":false},"excerpt":{"rendered":"<p>[vc_row full_width=&#8220;stretch_row_content_no_spaces&#8220; el_class=&#8220;sp-page-title&#8220;][vc_column][\/vc_column][\/vc_row][vc_row][vc_column width=&#8220;1\/2&#8243;][vc_column_text css=&#8220;&#8220;]Sind Sie Experte f\u00fcr CAD- oder CAE-Engineering? Sind Sie Maschinenbau-Ingenieur (m\u00f6glichst Richtung Design) und suchen neue Besch\u00e4ftigungsm\u00f6glichkeiten. Experten und Ingenieure sind bei uns immer willkommen, also kontaktieren Sie m\u00f6glichst rasch Herrn Matja\u017e Velikonja \u00fcber die:[\/vc_column_text][\/vc_column][vc_column width=&#8220;1\/2&#8243;][vc_single_image image=&#8220;135&#8243; css=&#8220;&#8220;][\/vc_column][\/vc_row][vc_row][vc_column][vc_empty_space][\/vc_column][\/vc_row]<\/p>\n","protected":false},"author":1,"featured_media":0,"parent":0,"menu_order":3,"comment_status":"closed","ping_status":"closed","template":"","meta":{"footnotes":""},"class_list":["post-425","page","type-page","status-publish","hentry"],"yoast_head":"<!-- This site is optimized with the Yoast SEO plugin v21.3 - https:\/\/yoast.com\/wordpress\/plugins\/seo\/ -->\n<title>Karriere - Mavari<\/title>\n<meta name=\"description\" content=\"Sind Sie Experte f\u00fcr CAD- oder CAE-Engineering? Sind Sie Maschinenbau-Ingenieur (m\u00f6glichst Richtung Design) und suchen neue Besch\u00e4ftigungsm\u00f6glichkeiten. Experten und Ingenieure sind bei uns immer willkommen, also kontaktieren Sie m\u00f6glichst rasch\" \/>\n<meta name=\"robots\" content=\"index, follow, max-snippet:-1, max-image-preview:large, max-video-preview:-1\" \/>\n<link rel=\"canonical\" href=\"https:\/\/www.mavari.si\/de\/karriere\/\" \/>\n<meta property=\"og:locale\" content=\"de_DE\" \/>\n<meta property=\"og:type\" content=\"article\" \/>\n<meta property=\"og:title\" content=\"Karriere - Mavari\" \/>\n<meta property=\"og:description\" content=\"[vc_row full_width=&#8220;stretch_row_content_no_spaces&#8220; el_class=&#8220;sp-page-title&#8220;][vc_column][\/vc_column][\/vc_row][vc_row][vc_column width=&#8220;1\/2&#8243;][vc_column_text css=&#8220;&#8220;]Sind Sie Experte f\u00fcr CAD- oder CAE-Engineering? Sind Sie Maschinenbau-Ingenieur (m\u00f6glichst Richtung Design) und suchen neue Besch\u00e4ftigungsm\u00f6glichkeiten. Experten und Ingenieure sind bei uns immer willkommen, also kontaktieren Sie m\u00f6glichst rasch Herrn Matja\u017e Velikonja \u00fcber die:[\/vc_column_text][\/vc_column][vc_column width=&#8220;1\/2&#8243;][vc_single_image image=&#8220;135&#8243; css=&#8220;&#8220;][\/vc_column][\/vc_row][vc_row][vc_column][vc_empty_space][\/vc_column][\/vc_row]\" \/>\n<meta property=\"og:url\" content=\"https:\/\/www.mavari.si\/de\/karriere\/\" \/>\n<meta property=\"og:site_name\" content=\"Mavari\" \/>\n<meta property=\"article:modified_time\" content=\"2025-04-16T06:40:58+00:00\" \/>\n<meta name=\"twitter:card\" content=\"summary_large_image\" \/>\n<meta name=\"twitter:label1\" content=\"Gesch\u00e4tzte Lesezeit\" \/>\n\t<meta name=\"twitter:data1\" content=\"1\u00a0Minute\" \/>\n<script type=\"application\/ld+json\" class=\"yoast-schema-graph\">{\"@context\":\"https:\/\/schema.org\",\"@graph\":[{\"@type\":\"WebPage\",\"@id\":\"https:\/\/www.mavari.si\/de\/karriere\/\",\"url\":\"https:\/\/www.mavari.si\/de\/karriere\/\",\"name\":\"Karriere - Mavari\",\"isPartOf\":{\"@id\":\"https:\/\/www.mavari.si\/#website\"},\"datePublished\":\"2025-03-27T10:40:08+00:00\",\"dateModified\":\"2025-04-16T06:40:58+00:00\",\"breadcrumb\":{\"@id\":\"https:\/\/www.mavari.si\/de\/karriere\/#breadcrumb\"},\"inLanguage\":\"de\",\"potentialAction\":[{\"@type\":\"ReadAction\",\"target\":[\"https:\/\/www.mavari.si\/de\/karriere\/\"]}]},{\"@type\":\"BreadcrumbList\",\"@id\":\"https:\/\/www.mavari.si\/de\/karriere\/#breadcrumb\",\"itemListElement\":[{\"@type\":\"ListItem\",\"position\":1,\"name\":\"Home\",\"item\":\"https:\/\/www.mavari.si\/de\/\"},{\"@type\":\"ListItem\",\"position\":2,\"name\":\"Karriere\"}]},{\"@type\":\"WebSite\",\"@id\":\"https:\/\/www.mavari.si\/#website\",\"url\":\"https:\/\/www.mavari.si\/\",\"name\":\"Mavari\",\"description\":\"\",\"potentialAction\":[{\"@type\":\"SearchAction\",\"target\":{\"@type\":\"EntryPoint\",\"urlTemplate\":\"https:\/\/www.mavari.si\/?s={search_term_string}\"},\"query-input\":\"required name=search_term_string\"}],\"inLanguage\":\"de\"}]}<\/script>\n<!-- \/ Yoast SEO plugin. -->","yoast_head_json":{"title":"Karriere - Mavari","description":"Sind Sie Experte f\u00fcr CAD- oder CAE-Engineering? Sind Sie Maschinenbau-Ingenieur (m\u00f6glichst Richtung Design) und suchen neue Besch\u00e4ftigungsm\u00f6glichkeiten. Experten und Ingenieure sind bei uns immer willkommen, also kontaktieren Sie m\u00f6glichst rasch","robots":{"index":"index","follow":"follow","max-snippet":"max-snippet:-1","max-image-preview":"max-image-preview:large","max-video-preview":"max-video-preview:-1"},"canonical":"https:\/\/www.mavari.si\/de\/karriere\/","og_locale":"de_DE","og_type":"article","og_title":"Karriere - Mavari","og_description":"[vc_row full_width=&#8220;stretch_row_content_no_spaces&#8220; el_class=&#8220;sp-page-title&#8220;][vc_column][\/vc_column][\/vc_row][vc_row][vc_column width=&#8220;1\/2&#8243;][vc_column_text css=&#8220;&#8220;]Sind Sie Experte f\u00fcr CAD- oder CAE-Engineering? Sind Sie Maschinenbau-Ingenieur (m\u00f6glichst Richtung Design) und suchen neue Besch\u00e4ftigungsm\u00f6glichkeiten. Experten und Ingenieure sind bei uns immer willkommen, also kontaktieren Sie m\u00f6glichst rasch Herrn Matja\u017e Velikonja \u00fcber die:[\/vc_column_text][\/vc_column][vc_column width=&#8220;1\/2&#8243;][vc_single_image image=&#8220;135&#8243; css=&#8220;&#8220;][\/vc_column][\/vc_row][vc_row][vc_column][vc_empty_space][\/vc_column][\/vc_row]","og_url":"https:\/\/www.mavari.si\/de\/karriere\/","og_site_name":"Mavari","article_modified_time":"2025-04-16T06:40:58+00:00","twitter_card":"summary_large_image","twitter_misc":{"Gesch\u00e4tzte Lesezeit":"1\u00a0Minute"},"schema":{"@context":"https:\/\/schema.org","@graph":[{"@type":"WebPage","@id":"https:\/\/www.mavari.si\/de\/karriere\/","url":"https:\/\/www.mavari.si\/de\/karriere\/","name":"Karriere - Mavari","isPartOf":{"@id":"https:\/\/www.mavari.si\/#website"},"datePublished":"2025-03-27T10:40:08+00:00","dateModified":"2025-04-16T06:40:58+00:00","breadcrumb":{"@id":"https:\/\/www.mavari.si\/de\/karriere\/#breadcrumb"},"inLanguage":"de","potentialAction":[{"@type":"ReadAction","target":["https:\/\/www.mavari.si\/de\/karriere\/"]}]},{"@type":"BreadcrumbList","@id":"https:\/\/www.mavari.si\/de\/karriere\/#breadcrumb","itemListElement":[{"@type":"ListItem","position":1,"name":"Home","item":"https:\/\/www.mavari.si\/de\/"},{"@type":"ListItem","position":2,"name":"Karriere"}]},{"@type":"WebSite","@id":"https:\/\/www.mavari.si\/#website","url":"https:\/\/www.mavari.si\/","name":"Mavari","description":"","potentialAction":[{"@type":"SearchAction","target":{"@type":"EntryPoint","urlTemplate":"https:\/\/www.mavari.si\/?s={search_term_string}"},"query-input":"required name=search_term_string"}],"inLanguage":"de"}]}},"_links":{"self":[{"href":"https:\/\/www.mavari.si\/de\/wp-json\/wp\/v2\/pages\/425","targetHints":{"allow":["GET"]}}],"collection":[{"href":"https:\/\/www.mavari.si\/de\/wp-json\/wp\/v2\/pages"}],"about":[{"href":"https:\/\/www.mavari.si\/de\/wp-json\/wp\/v2\/types\/page"}],"author":[{"embeddable":true,"href":"https:\/\/www.mavari.si\/de\/wp-json\/wp\/v2\/users\/1"}],"replies":[{"embeddable":true,"href":"https:\/\/www.mavari.si\/de\/wp-json\/wp\/v2\/comments?post=425"}],"version-history":[{"count":0,"href":"https:\/\/www.mavari.si\/de\/wp-json\/wp\/v2\/pages\/425\/revisions"}],"wp:attachment":[{"href":"https:\/\/www.mavari.si\/de\/wp-json\/wp\/v2\/media?parent=425"}],"curies":[{"name":"wp","href":"https:\/\/api.w.org\/{rel}","templated":true}]}}