{"id":43,"date":"2025-03-26T23:50:24","date_gmt":"2025-03-26T22:50:24","guid":{"rendered":"https:\/\/www.mavari.si\/piskotki\/"},"modified":"2025-03-27T00:05:20","modified_gmt":"2025-03-26T23:05:20","slug":"cookies","status":"publish","type":"page","link":"https:\/\/www.mavari.si\/de\/cookies\/","title":{"rendered":"Cookies"},"content":{"rendered":"<div class=\"wpb-content-wrapper\"><p>[vc_row full_width=&#8220;stretch_row_content_no_spaces&#8220; el_class=&#8220;sp-page-title&#8220;][vc_column]\t\t\n\t\t<div class=\"title-banner\" style=\"background-image: linear-gradient(rgba(0, 0, 0, 0.0),rgba(0, 0, 0, 0.0)),url();\">\n\t\t\t<div class=\"container\">\n\t\t\t\t<div class=\"breadcrumbs-container\">\n\t\t\t\t\t\t<div class=\"breadcrumbs\">\n\t\t\t\t\t\t\t\n\t<ul class=\"ns-breadcrumbs\">\n\t\t\t<li><a href=\"https:\/\/www.mavari.si\/de\/\">Domov<\/a><\/li>\n\t\t\t\t<li>Cookies<\/li>\n\t<\/ul>\n\t\n\t\t\t\t\t\t\t\t<div class=\"clearfix\"><\/div>\n\t\t\t\t\t\t<\/div>\n\t\t\t\t<\/div>\n\t\t\t\t\t\t\t\t\t<h1 class=\"entry-title\">Cookies<\/h1>\n\t\t\t\t\t\t\t<\/div>\n\t\t<\/div>\n\n\t\t[\/vc_column][\/vc_row][vc_row][vc_column][vc_column_text]<\/p>\n<h2>Rechtsgrundlage<\/h2>\n<p>F\u00fcr den Cookie-Hinweis ist die Grundlage das ge\u00e4nderte Gesetz \u00fcber elektronische Kommunikation (Amtsblatt Nr. 109\/2012; kurz ZEKom-1), das Anfang 2013 in Kraft getreten ist und neue Regeln f\u00fcr die Verwendung von Cookies und \u00e4hnlichen Technologien zur Speicherung von oder zum Zugriff auf Informationen, die auf dem Computer oder Mobilger\u00e4t eines Nutzers gespeichert sind.<\/p>\n<h2>Was sind Cookies und warum ben\u00f6tigt sie eine Webseite<\/h2>\n<p>Ein Cookie ist eine kleine Textdatei, die auf den Computer eines Benutzers heruntergeladen wird, wenn dieser eine Website besucht, und die in der Regel Folgendes enth\u00e4lt:<\/p>\n<ul>\n<li class=\"firstItem\">den Namen des Servers, von dem der Cookie gesendet wurde;<\/li>\n<li>die Lebensdauer des Cookies;<\/li>\n<li class=\"lastItem\">einen Wert \u2013 in der Regel eine zuf\u00e4llig generierte eindeutige Nummer.<\/li>\n<\/ul>\n<p>Der Cookie selbst enth\u00e4lt oder sammelt keine Informationen. Wenn er jedoch von einem Server in Verbindung mit einem Webbrowser gelesen wird, kann er der Website helfen, einen benutzerfreundlicheren Service zu bieten \u2013 zum Beispiel, indem er sich an fr\u00fchere Eink\u00e4ufe oder Kontodaten eines Benutzers erinnert. Nur der Server, der das Cookie gesendet hat, kann das Cookie lesen und verwenden.<\/p>\n<p>Auf einer vertrauensw\u00fcrdigen Website k\u00f6nnen Cookies das Erlebnis bereichern. Cookies k\u00f6nnen jedoch auch in einer Weise verwendet werden, die die Privatsph\u00e4re einer Person verletzt. Cookies k\u00f6nnen unterschiedlich lange gespeichert werden, f\u00fcr die Dauer einer Browsersitzung oder viel l\u00e4nger.<\/p>\n<h2>Welche Cookies wir auf der Website verwenden und warum<\/h2>\n<p>Wir verwenden auf der Website nur Cookies, die nach dem ZEKom-1-Gesetz zul\u00e4ssig sind. Es werden nur Cookies verwendet, die f\u00fcr den Betrieb dieser Website unbedingt erforderlich sind. F\u00fcr die Aufzeichnung von Statistiken auf der Website verwenden wir ein System, das nur den Sitzungscookie aufzeichnet und Ihr weiteres Verhalten auf der Website oder in Verbindung mit anderen Websites nicht verfolgt. Indem Sie diese Website weiterhin nutzen, stimmen Sie der Verwendung der unten beschriebenen Cookies zu.<\/p>\n<h2>Welche Cookies kann diese Website verwenden<\/h2>\n<table class=\"Table\" border=\"0\" width=\"100%\" cellspacing=\"0\" cellpadding=\"0\">\n<tbody>\n<tr>\n<td align=\"left\" valign=\"top\">Cookie-Name<\/td>\n<td align=\"left\" valign=\"top\">Zweck<\/td>\n<td align=\"left\" valign=\"top\">Dauer<\/td>\n<\/tr>\n<tr>\n<td align=\"left\" valign=\"top\">PHPSESSID<\/td>\n<td align=\"left\" valign=\"top\">Site-Startup.<\/td>\n<td align=\"left\" valign=\"top\">Session<\/td>\n<\/tr>\n<tr>\n<td align=\"left\" valign=\"top\">_ga<\/td>\n<td align=\"left\" valign=\"top\">Protokolliert die Unterscheidung zwischen Benutzern (Sitzungen).<\/td>\n<td align=\"left\" valign=\"top\">2 Jahre<\/td>\n<\/tr>\n<tr>\n<td align=\"left\" valign=\"top\">_gat<\/td>\n<td align=\"left\" valign=\"top\">Protokolliert einen neuen Benutzer (Sitzung).<\/td>\n<td align=\"left\" valign=\"top\">10 Minuten<\/td>\n<\/tr>\n<\/tbody>\n<\/table>\n<p>[\/vc_column_text][\/vc_column][\/vc_row][vc_row][vc_column][vc_empty_space][\/vc_column][\/vc_row]<\/p>\n<\/div>","protected":false},"excerpt":{"rendered":"<p>[vc_row full_width=&#8220;stretch_row_content_no_spaces&#8220; el_class=&#8220;sp-page-title&#8220;][vc_column][\/vc_column][\/vc_row][vc_row][vc_column][vc_column_text] Rechtsgrundlage F\u00fcr den Cookie-Hinweis ist die Grundlage das ge\u00e4nderte Gesetz \u00fcber elektronische Kommunikation (Amtsblatt Nr. 109\/2012; kurz ZEKom-1), das Anfang 2013 in Kraft getreten ist und neue Regeln f\u00fcr die Verwendung von Cookies und \u00e4hnlichen Technologien zur Speicherung von oder zum Zugriff auf Informationen, die auf dem Computer oder Mobilger\u00e4t eines Nutzers gespeichert sind. Was sind Cookies und warum ben\u00f6tigt sie eine Webseite Ein Cookie ist eine kleine Textdatei, die auf den Computer eines Benutzers heruntergeladen wird, wenn dieser eine Website besucht, und die in der Regel Folgendes enth\u00e4lt: den Namen des Servers, von dem der Cookie gesendet wurde; die Lebensdauer des Cookies; einen Wert \u2013 in der Regel eine zuf\u00e4llig generierte eindeutige Nummer. Der Cookie selbst [&hellip;]<\/p>\n","protected":false},"author":1,"featured_media":0,"parent":0,"menu_order":6,"comment_status":"closed","ping_status":"closed","template":"","meta":{"footnotes":""},"class_list":["post-43","page","type-page","status-publish","hentry"],"yoast_head":"<!-- This site is optimized with the Yoast SEO plugin v21.3 - https:\/\/yoast.com\/wordpress\/plugins\/seo\/ -->\n<title>Cookies - Mavari<\/title>\n<meta name=\"description\" content=\"Rechtsgrundlage F\u00fcr den Cookie-Hinweis ist die Grundlage das ge\u00e4nderte Gesetz \u00fcber elektronische Kommunikation (Amtsblatt Nr. 109\/2012; kurz ZEKom-1), das Anfang 2013 in Kraft getreten ist und neue Regeln f\u00fcr die\" \/>\n<meta name=\"robots\" content=\"index, follow, max-snippet:-1, max-image-preview:large, max-video-preview:-1\" \/>\n<link rel=\"canonical\" href=\"https:\/\/www.mavari.si\/de\/cookies\/\" \/>\n<meta property=\"og:locale\" content=\"de_DE\" \/>\n<meta property=\"og:type\" content=\"article\" \/>\n<meta property=\"og:title\" content=\"Cookies - Mavari\" \/>\n<meta property=\"og:description\" content=\"[vc_row full_width=&#8220;stretch_row_content_no_spaces&#8220; el_class=&#8220;sp-page-title&#8220;][vc_column][\/vc_column][\/vc_row][vc_row][vc_column][vc_column_text] Rechtsgrundlage F\u00fcr den Cookie-Hinweis ist die Grundlage das ge\u00e4nderte Gesetz \u00fcber elektronische Kommunikation (Amtsblatt Nr. 109\/2012; kurz ZEKom-1), das Anfang 2013 in Kraft getreten ist und neue Regeln f\u00fcr die Verwendung von Cookies und \u00e4hnlichen Technologien zur Speicherung von oder zum Zugriff auf Informationen, die auf dem Computer oder Mobilger\u00e4t eines Nutzers gespeichert sind. Was sind Cookies und warum ben\u00f6tigt sie eine Webseite Ein Cookie ist eine kleine Textdatei, die auf den Computer eines Benutzers heruntergeladen wird, wenn dieser eine Website besucht, und die in der Regel Folgendes enth\u00e4lt: den Namen des Servers, von dem der Cookie gesendet wurde; die Lebensdauer des Cookies; einen Wert \u2013 in der Regel eine zuf\u00e4llig generierte eindeutige Nummer. Der Cookie selbst [&hellip;]\" \/>\n<meta property=\"og:url\" content=\"https:\/\/www.mavari.si\/de\/cookies\/\" \/>\n<meta property=\"og:site_name\" content=\"Mavari\" \/>\n<meta property=\"article:modified_time\" content=\"2025-03-26T23:05:20+00:00\" \/>\n<meta name=\"twitter:card\" content=\"summary_large_image\" \/>\n<meta name=\"twitter:label1\" content=\"Gesch\u00e4tzte Lesezeit\" \/>\n\t<meta name=\"twitter:data1\" content=\"2\u00a0Minuten\" \/>\n<script type=\"application\/ld+json\" class=\"yoast-schema-graph\">{\"@context\":\"https:\/\/schema.org\",\"@graph\":[{\"@type\":\"WebPage\",\"@id\":\"https:\/\/www.mavari.si\/de\/cookies\/\",\"url\":\"https:\/\/www.mavari.si\/de\/cookies\/\",\"name\":\"Cookies - Mavari\",\"isPartOf\":{\"@id\":\"https:\/\/www.mavari.si\/#website\"},\"datePublished\":\"2025-03-26T22:50:24+00:00\",\"dateModified\":\"2025-03-26T23:05:20+00:00\",\"breadcrumb\":{\"@id\":\"https:\/\/www.mavari.si\/de\/cookies\/#breadcrumb\"},\"inLanguage\":\"de\",\"potentialAction\":[{\"@type\":\"ReadAction\",\"target\":[\"https:\/\/www.mavari.si\/de\/cookies\/\"]}]},{\"@type\":\"BreadcrumbList\",\"@id\":\"https:\/\/www.mavari.si\/de\/cookies\/#breadcrumb\",\"itemListElement\":[{\"@type\":\"ListItem\",\"position\":1,\"name\":\"Home\",\"item\":\"https:\/\/www.mavari.si\/de\/\"},{\"@type\":\"ListItem\",\"position\":2,\"name\":\"Cookies\"}]},{\"@type\":\"WebSite\",\"@id\":\"https:\/\/www.mavari.si\/#website\",\"url\":\"https:\/\/www.mavari.si\/\",\"name\":\"Mavari\",\"description\":\"\",\"potentialAction\":[{\"@type\":\"SearchAction\",\"target\":{\"@type\":\"EntryPoint\",\"urlTemplate\":\"https:\/\/www.mavari.si\/?s={search_term_string}\"},\"query-input\":\"required name=search_term_string\"}],\"inLanguage\":\"de\"}]}<\/script>\n<!-- \/ Yoast SEO plugin. -->","yoast_head_json":{"title":"Cookies - Mavari","description":"Rechtsgrundlage F\u00fcr den Cookie-Hinweis ist die Grundlage das ge\u00e4nderte Gesetz \u00fcber elektronische Kommunikation (Amtsblatt Nr. 109\/2012; kurz ZEKom-1), das Anfang 2013 in Kraft getreten ist und neue Regeln f\u00fcr die","robots":{"index":"index","follow":"follow","max-snippet":"max-snippet:-1","max-image-preview":"max-image-preview:large","max-video-preview":"max-video-preview:-1"},"canonical":"https:\/\/www.mavari.si\/de\/cookies\/","og_locale":"de_DE","og_type":"article","og_title":"Cookies - Mavari","og_description":"[vc_row full_width=&#8220;stretch_row_content_no_spaces&#8220; el_class=&#8220;sp-page-title&#8220;][vc_column][\/vc_column][\/vc_row][vc_row][vc_column][vc_column_text] Rechtsgrundlage F\u00fcr den Cookie-Hinweis ist die Grundlage das ge\u00e4nderte Gesetz \u00fcber elektronische Kommunikation (Amtsblatt Nr. 109\/2012; kurz ZEKom-1), das Anfang 2013 in Kraft getreten ist und neue Regeln f\u00fcr die Verwendung von Cookies und \u00e4hnlichen Technologien zur Speicherung von oder zum Zugriff auf Informationen, die auf dem Computer oder Mobilger\u00e4t eines Nutzers gespeichert sind. Was sind Cookies und warum ben\u00f6tigt sie eine Webseite Ein Cookie ist eine kleine Textdatei, die auf den Computer eines Benutzers heruntergeladen wird, wenn dieser eine Website besucht, und die in der Regel Folgendes enth\u00e4lt: den Namen des Servers, von dem der Cookie gesendet wurde; die Lebensdauer des Cookies; einen Wert \u2013 in der Regel eine zuf\u00e4llig generierte eindeutige Nummer. Der Cookie selbst [&hellip;]","og_url":"https:\/\/www.mavari.si\/de\/cookies\/","og_site_name":"Mavari","article_modified_time":"2025-03-26T23:05:20+00:00","twitter_card":"summary_large_image","twitter_misc":{"Gesch\u00e4tzte Lesezeit":"2\u00a0Minuten"},"schema":{"@context":"https:\/\/schema.org","@graph":[{"@type":"WebPage","@id":"https:\/\/www.mavari.si\/de\/cookies\/","url":"https:\/\/www.mavari.si\/de\/cookies\/","name":"Cookies - Mavari","isPartOf":{"@id":"https:\/\/www.mavari.si\/#website"},"datePublished":"2025-03-26T22:50:24+00:00","dateModified":"2025-03-26T23:05:20+00:00","breadcrumb":{"@id":"https:\/\/www.mavari.si\/de\/cookies\/#breadcrumb"},"inLanguage":"de","potentialAction":[{"@type":"ReadAction","target":["https:\/\/www.mavari.si\/de\/cookies\/"]}]},{"@type":"BreadcrumbList","@id":"https:\/\/www.mavari.si\/de\/cookies\/#breadcrumb","itemListElement":[{"@type":"ListItem","position":1,"name":"Home","item":"https:\/\/www.mavari.si\/de\/"},{"@type":"ListItem","position":2,"name":"Cookies"}]},{"@type":"WebSite","@id":"https:\/\/www.mavari.si\/#website","url":"https:\/\/www.mavari.si\/","name":"Mavari","description":"","potentialAction":[{"@type":"SearchAction","target":{"@type":"EntryPoint","urlTemplate":"https:\/\/www.mavari.si\/?s={search_term_string}"},"query-input":"required name=search_term_string"}],"inLanguage":"de"}]}},"_links":{"self":[{"href":"https:\/\/www.mavari.si\/de\/wp-json\/wp\/v2\/pages\/43","targetHints":{"allow":["GET"]}}],"collection":[{"href":"https:\/\/www.mavari.si\/de\/wp-json\/wp\/v2\/pages"}],"about":[{"href":"https:\/\/www.mavari.si\/de\/wp-json\/wp\/v2\/types\/page"}],"author":[{"embeddable":true,"href":"https:\/\/www.mavari.si\/de\/wp-json\/wp\/v2\/users\/1"}],"replies":[{"embeddable":true,"href":"https:\/\/www.mavari.si\/de\/wp-json\/wp\/v2\/comments?post=43"}],"version-history":[{"count":0,"href":"https:\/\/www.mavari.si\/de\/wp-json\/wp\/v2\/pages\/43\/revisions"}],"wp:attachment":[{"href":"https:\/\/www.mavari.si\/de\/wp-json\/wp\/v2\/media?parent=43"}],"curies":[{"name":"wp","href":"https:\/\/api.w.org\/{rel}","templated":true}]}}